{"id":43,"date":"2017-08-01T06:10:03","date_gmt":"2017-08-01T06:10:03","guid":{"rendered":"https:\/\/materialsfarreny.com\/about\/"},"modified":"2021-03-31T15:47:39","modified_gmt":"2021-03-31T15:47:39","slug":"about","status":"publish","type":"page","link":"https:\/\/materialsfarreny.com\/?page_id=43","title":{"rendered":"About"},"content":{"rendered":"\t\t<div data-elementor-type=\"wp-post\" data-elementor-id=\"43\" class=\"elementor elementor-43\">\n\t\t\t\t\t\t\t\t\t<section class=\"elementor-section elementor-top-section elementor-element elementor-element-61aaa95f elementor-section-boxed elementor-section-height-default elementor-section-height-default\" data-id=\"61aaa95f\" data-element_type=\"section\" data-settings=\"{&quot;background_background&quot;:&quot;classic&quot;,&quot;shape_divider_bottom&quot;:&quot;waves&quot;}\">\n\t\t\t\t\t\t\t<div class=\"elementor-background-overlay\"><\/div>\n\t\t\t\t\t\t<div class=\"elementor-shape elementor-shape-bottom\" data-negative=\"false\">\n\t\t\t<svg xmlns=\"http:\/\/www.w3.org\/2000\/svg\" viewBox=\"0 0 1000 100\" preserveAspectRatio=\"none\">\n\t<path class=\"elementor-shape-fill\" d=\"M421.9,6.5c22.6-2.5,51.5,0.4,75.5,5.3c23.6,4.9,70.9,23.5,100.5,35.7c75.8,32.2,133.7,44.5,192.6,49.7\n\tc23.6,2.1,48.7,3.5,103.4-2.5c54.7-6,106.2-25.6,106.2-25.6V0H0v30.3c0,0,72,32.6,158.4,30.5c39.2-0.7,92.8-6.7,134-22.4\n\tc21.2-8.1,52.2-18.2,79.7-24.2C399.3,7.9,411.6,7.5,421.9,6.5z\"\/>\n<\/svg>\t\t<\/div>\n\t\t\t\t\t<div class=\"elementor-container elementor-column-gap-default\">\n\t\t\t\t\t<div class=\"elementor-column elementor-col-100 elementor-top-column elementor-element elementor-element-157f6c08\" data-id=\"157f6c08\" data-element_type=\"column\">\n\t\t\t<div class=\"elementor-widget-wrap elementor-element-populated\">\n\t\t\t\t\t\t\t\t<div class=\"elementor-element elementor-element-77fa128f elementor-widget elementor-widget-heading\" data-id=\"77fa128f\" data-element_type=\"widget\" data-widget_type=\"heading.default\">\n\t\t\t\t<div class=\"elementor-widget-container\">\n\t\t\t<h1 class=\"elementor-heading-title elementor-size-default\">Sobre Nosotros<\/h1>\t\t<\/div>\n\t\t\t\t<\/div>\n\t\t\t\t\t<\/div>\n\t\t<\/div>\n\t\t\t\t\t\t\t<\/div>\n\t\t<\/section>\n\t\t\t\t<section class=\"elementor-section elementor-top-section elementor-element elementor-element-142efe04 elementor-section-boxed elementor-section-height-default elementor-section-height-default\" data-id=\"142efe04\" data-element_type=\"section\">\n\t\t\t\t\t\t<div class=\"elementor-container elementor-column-gap-no\">\n\t\t\t\t\t<div class=\"elementor-column elementor-col-50 elementor-top-column elementor-element elementor-element-7244c7ba\" data-id=\"7244c7ba\" data-element_type=\"column\">\n\t\t\t<div class=\"elementor-widget-wrap elementor-element-populated\">\n\t\t\t\t\t\t\t\t<div class=\"elementor-element elementor-element-69305133 elementor-widget elementor-widget-image\" data-id=\"69305133\" data-element_type=\"widget\" data-widget_type=\"image.default\">\n\t\t\t\t<div class=\"elementor-widget-container\">\n\t\t\t\t\t\t\t\t\t\t\t\t\t\t\t<img loading=\"lazy\" decoding=\"async\" width=\"500\" height=\"500\" src=\"https:\/\/materialsfarreny.com\/wp-content\/uploads\/2021\/03\/Disen\u0303o-sin-ti\u0301tulo-42.png\" class=\"attachment-large size-large\" alt=\"\" srcset=\"https:\/\/materialsfarreny.com\/wp-content\/uploads\/2021\/03\/Disen\u0303o-sin-ti\u0301tulo-42.png 500w, https:\/\/materialsfarreny.com\/wp-content\/uploads\/2021\/03\/Disen\u0303o-sin-ti\u0301tulo-42-300x300.png 300w, https:\/\/materialsfarreny.com\/wp-content\/uploads\/2021\/03\/Disen\u0303o-sin-ti\u0301tulo-42-150x150.png 150w\" sizes=\"auto, (max-width: 500px) 100vw, 500px\" \/>\t\t\t\t\t\t\t\t\t\t\t\t\t\t\t<\/div>\n\t\t\t\t<\/div>\n\t\t\t\t\t<\/div>\n\t\t<\/div>\n\t\t\t\t<div class=\"elementor-column elementor-col-50 elementor-top-column elementor-element elementor-element-6ebffc6c\" data-id=\"6ebffc6c\" data-element_type=\"column\">\n\t\t\t<div class=\"elementor-widget-wrap elementor-element-populated\">\n\t\t\t\t\t\t\t\t<div class=\"elementor-element elementor-element-5e17c201 elementor-widget elementor-widget-heading\" data-id=\"5e17c201\" data-element_type=\"widget\" data-widget_type=\"heading.default\">\n\t\t\t\t<div class=\"elementor-widget-container\">\n\t\t\t<h2 class=\"elementor-heading-title elementor-size-default\">Conoce nuestra historia<\/h2>\t\t<\/div>\n\t\t\t\t<\/div>\n\t\t\t\t<div class=\"elementor-element elementor-element-3d1bdd74 elementor-widget elementor-widget-heading\" data-id=\"3d1bdd74\" data-element_type=\"widget\" data-widget_type=\"heading.default\">\n\t\t\t\t<div class=\"elementor-widget-container\">\n\t\t\t<h5 class=\"elementor-heading-title elementor-size-default\">Apasionados de ofrecer la mejor calidad y un amplio servicio<\/h5>\t\t<\/div>\n\t\t\t\t<\/div>\n\t\t\t\t<div class=\"elementor-element elementor-element-18f38408 elementor-widget elementor-widget-text-editor\" data-id=\"18f38408\" data-element_type=\"widget\" data-widget_type=\"text-editor.default\">\n\t\t\t\t<div class=\"elementor-widget-container\">\n\t\t\t\t\t\t\t<p><span>Materiales Farreny SL es una empresa distribuidora de materiales relacionados con la construcci\u00f3n, creada en 2006, que ofrece precios muy competitivos y ofertas puntuales, incluso, con una tienda outlet de cer\u00e1mica.\u00a0<\/span><span>Su esp\u00edritu original quiere apoyar al constructor, para que pueda disponer de todos los materiales que necesite.\u00a0<\/span><span>De la mano de Jaume y Jes\u00fas Farreny, fundadores de Cer\u00e1mica Farreny SA, naci\u00f3 este almac\u00e9n, que se form\u00f3 a partir de la existencia y del buen funcionamiento de la empresa cer\u00e1mica.\u00a0<\/span><span>Es por ello que ambas empresas comparten el mismo terreno para tener las diferentes instalaciones.<\/span><\/p>\t\t\t\t\t\t<\/div>\n\t\t\t\t<\/div>\n\t\t\t\t<div class=\"elementor-element elementor-element-5a50ee80 elementor-widget elementor-widget-text-editor\" data-id=\"5a50ee80\" data-element_type=\"widget\" data-widget_type=\"text-editor.default\">\n\t\t\t\t<div class=\"elementor-widget-container\">\n\t\t\t\t\t\t\t<p><span>La instalaci\u00f3n que queremos destacar es una nueva, donde se hace la chamota, es decir, el ladrillo triturado. <\/span><span>La tierra rojiza que se extrae es una de las m\u00e1s comercializadas para cubrir las pistas de tenis de toda Catalu\u00f1a.\u00a0<\/span><span>Dependiendo del grosor de la tierra, se puede recubrir desde pistas de tenis hasta jardines o rotondas.<\/span><\/p>\t\t\t\t\t\t<\/div>\n\t\t\t\t<\/div>\n\t\t\t\t<div class=\"elementor-element elementor-element-571cfafb elementor-widget elementor-widget-heading\" data-id=\"571cfafb\" data-element_type=\"widget\" data-widget_type=\"heading.default\">\n\t\t\t\t<div class=\"elementor-widget-container\">\n\t\t\t<h3 class=\"elementor-heading-title elementor-size-default\">Materiales Farreny<\/h3>\t\t<\/div>\n\t\t\t\t<\/div>\n\t\t\t\t<div class=\"elementor-element elementor-element-5233ab0 elementor-icon-list--layout-inline elementor-list-item-link-full_width elementor-widget elementor-widget-icon-list\" data-id=\"5233ab0\" data-element_type=\"widget\" data-widget_type=\"icon-list.default\">\n\t\t\t\t<div class=\"elementor-widget-container\">\n\t\t\t\t\t<ul class=\"elementor-icon-list-items elementor-inline-items\">\n\t\t\t\t\t\t\t<li class=\"elementor-icon-list-item elementor-inline-item\">\n\t\t\t\t\t\t\t\t\t\t\t<span class=\"elementor-icon-list-icon\">\n\t\t\t\t\t\t\t<i aria-hidden=\"true\" class=\"fas fa-phone-alt\"><\/i>\t\t\t\t\t\t<\/span>\n\t\t\t\t\t\t\t\t\t\t<span class=\"elementor-icon-list-text\">973 44 50 98<\/span>\n\t\t\t\t\t\t\t\t\t<\/li>\n\t\t\t\t\t\t\t\t<li class=\"elementor-icon-list-item elementor-inline-item\">\n\t\t\t\t\t\t\t\t\t\t\t<span class=\"elementor-icon-list-icon\">\n\t\t\t\t\t\t\t<i aria-hidden=\"true\" class=\"far fa-envelope\"><\/i>\t\t\t\t\t\t<\/span>\n\t\t\t\t\t\t\t\t\t\t<span class=\"elementor-icon-list-text\">materials@materialsfarreny.com<\/span>\n\t\t\t\t\t\t\t\t\t<\/li>\n\t\t\t\t\t\t<\/ul>\n\t\t\t\t<\/div>\n\t\t\t\t<\/div>\n\t\t\t\t\t<\/div>\n\t\t<\/div>\n\t\t\t\t\t\t\t<\/div>\n\t\t<\/section>\n\t\t\t\t<section class=\"elementor-section elementor-top-section elementor-element elementor-element-aed0a5d elementor-section-boxed elementor-section-height-default elementor-section-height-default\" data-id=\"aed0a5d\" data-element_type=\"section\" data-settings=\"{&quot;background_background&quot;:&quot;classic&quot;}\">\n\t\t\t\t\t\t\t<div class=\"elementor-background-overlay\"><\/div>\n\t\t\t\t\t\t\t<div class=\"elementor-container elementor-column-gap-default\">\n\t\t\t\t\t<div class=\"elementor-column elementor-col-100 elementor-top-column elementor-element elementor-element-5a9d1b9\" data-id=\"5a9d1b9\" data-element_type=\"column\">\n\t\t\t<div class=\"elementor-widget-wrap\">\n\t\t\t\t\t\t\t\t\t<\/div>\n\t\t<\/div>\n\t\t\t\t\t\t\t<\/div>\n\t\t<\/section>\n\t\t\t\t\t\t\t<\/div>\n\t\t","protected":false},"excerpt":{"rendered":"<p>Sobre Nosotros Conoce nuestra historia Apasionados de ofrecer la mejor calidad y un amplio servicio Materiales Farreny SL es una empresa distribuidora de materiales relacionados con la construcci\u00f3n, creada en 2006, que ofrece precios muy competitivos y ofertas puntuales, incluso, con una tienda outlet de cer\u00e1mica.\u00a0Su esp\u00edritu original quiere apoyar al constructor, para que pueda &hellip;<\/p>\n<p class=\"read-more\"> <a class=\"\" href=\"https:\/\/materialsfarreny.com\/?page_id=43\"> <span class=\"screen-reader-text\">About<\/span> Leer m\u00e1s &raquo;<\/a><\/p>\n","protected":false},"author":1,"featured_media":0,"parent":0,"menu_order":0,"comment_status":"closed","ping_status":"closed","template":"","meta":{"_mi_skip_tracking":false,"site-sidebar-layout":"no-sidebar","site-content-layout":"page-builder","ast-global-header-display":"","ast-main-header-display":"","ast-hfb-above-header-display":"","ast-hfb-below-header-display":"","ast-hfb-mobile-header-display":"","site-post-title":"disabled","ast-breadcrumbs-content":"","ast-featured-img":"disabled","footer-sml-layout":"","theme-transparent-header-meta":"enabled","adv-header-id-meta":"","stick-header-meta":"","header-above-stick-meta":"","header-main-stick-meta":"","header-below-stick-meta":"","footnotes":""},"class_list":["post-43","page","type-page","status-publish","hentry"],"yoast_head":"<!-- This site is optimized with the Yoast SEO plugin v19.11 - https:\/\/yoast.com\/wordpress\/plugins\/seo\/ -->\n<title>About - Materials Farreny<\/title>\n<meta name=\"robots\" content=\"index, follow, max-snippet:-1, max-image-preview:large, max-video-preview:-1\" \/>\n<link rel=\"canonical\" href=\"https:\/\/materialsfarreny.com\/?page_id=43\" \/>\n<meta property=\"og:locale\" content=\"es_ES\" \/>\n<meta property=\"og:type\" content=\"article\" \/>\n<meta property=\"og:title\" content=\"About - Materials Farreny\" \/>\n<meta property=\"og:description\" content=\"Sobre Nosotros Conoce nuestra historia Apasionados de ofrecer la mejor calidad y un amplio servicio Materiales Farreny SL es una empresa distribuidora de materiales relacionados con la construcci\u00f3n, creada en 2006, que ofrece precios muy competitivos y ofertas puntuales, incluso, con una tienda outlet de cer\u00e1mica.\u00a0Su esp\u00edritu original quiere apoyar al constructor, para que pueda &hellip; About Leer m\u00e1s &raquo;\" \/>\n<meta property=\"og:url\" content=\"https:\/\/materialsfarreny.com\/?page_id=43\" \/>\n<meta property=\"og:site_name\" content=\"Materials Farreny\" \/>\n<meta property=\"article:modified_time\" content=\"2021-03-31T15:47:39+00:00\" \/>\n<meta property=\"og:image\" content=\"https:\/\/materialsfarreny.com\/wp-content\/uploads\/2021\/03\/Disen\u0303o-sin-ti\u0301tulo-42.png\" \/>\n<meta name=\"twitter:card\" content=\"summary_large_image\" \/>\n<meta name=\"twitter:label1\" content=\"Tiempo de lectura\" \/>\n\t<meta name=\"twitter:data1\" content=\"1 minuto\" \/>\n<script type=\"application\/ld+json\" class=\"yoast-schema-graph\">{\"@context\":\"https:\/\/schema.org\",\"@graph\":[{\"@type\":\"WebPage\",\"@id\":\"https:\/\/materialsfarreny.com\/?page_id=43\",\"url\":\"https:\/\/materialsfarreny.com\/?page_id=43\",\"name\":\"About - Materials Farreny\",\"isPartOf\":{\"@id\":\"https:\/\/materialsfarreny.com\/#website\"},\"datePublished\":\"2017-08-01T06:10:03+00:00\",\"dateModified\":\"2021-03-31T15:47:39+00:00\",\"breadcrumb\":{\"@id\":\"https:\/\/materialsfarreny.com\/?page_id=43#breadcrumb\"},\"inLanguage\":\"es\",\"potentialAction\":[{\"@type\":\"ReadAction\",\"target\":[\"https:\/\/materialsfarreny.com\/?page_id=43\"]}]},{\"@type\":\"BreadcrumbList\",\"@id\":\"https:\/\/materialsfarreny.com\/?page_id=43#breadcrumb\",\"itemListElement\":[{\"@type\":\"ListItem\",\"position\":1,\"name\":\"Portada\",\"item\":\"https:\/\/materialsfarreny.com\/\"},{\"@type\":\"ListItem\",\"position\":2,\"name\":\"About\"}]},{\"@type\":\"WebSite\",\"@id\":\"https:\/\/materialsfarreny.com\/#website\",\"url\":\"https:\/\/materialsfarreny.com\/\",\"name\":\"Materials Farreny\",\"description\":\"Almac\u00e9n de Materiales de Construcci\u00f3n\",\"publisher\":{\"@id\":\"https:\/\/materialsfarreny.com\/#organization\"},\"potentialAction\":[{\"@type\":\"SearchAction\",\"target\":{\"@type\":\"EntryPoint\",\"urlTemplate\":\"https:\/\/materialsfarreny.com\/?s={search_term_string}\"},\"query-input\":\"required name=search_term_string\"}],\"inLanguage\":\"es\"},{\"@type\":\"Organization\",\"@id\":\"https:\/\/materialsfarreny.com\/#organization\",\"name\":\"Materials Farreny\",\"url\":\"https:\/\/materialsfarreny.com\/\",\"logo\":{\"@type\":\"ImageObject\",\"inLanguage\":\"es\",\"@id\":\"https:\/\/materialsfarreny.com\/#\/schema\/logo\/image\/\",\"url\":\"https:\/\/materialsfarreny.com\/wp-content\/uploads\/2021\/03\/cropped-logo-materials-farreny.png\",\"contentUrl\":\"https:\/\/materialsfarreny.com\/wp-content\/uploads\/2021\/03\/cropped-logo-materials-farreny.png\",\"width\":585,\"height\":212,\"caption\":\"Materials Farreny\"},\"image\":{\"@id\":\"https:\/\/materialsfarreny.com\/#\/schema\/logo\/image\/\"}}]}<\/script>\n<!-- \/ Yoast SEO plugin. -->","yoast_head_json":{"title":"About - Materials Farreny","robots":{"index":"index","follow":"follow","max-snippet":"max-snippet:-1","max-image-preview":"max-image-preview:large","max-video-preview":"max-video-preview:-1"},"canonical":"https:\/\/materialsfarreny.com\/?page_id=43","og_locale":"es_ES","og_type":"article","og_title":"About - Materials Farreny","og_description":"Sobre Nosotros Conoce nuestra historia Apasionados de ofrecer la mejor calidad y un amplio servicio Materiales Farreny SL es una empresa distribuidora de materiales relacionados con la construcci\u00f3n, creada en 2006, que ofrece precios muy competitivos y ofertas puntuales, incluso, con una tienda outlet de cer\u00e1mica.\u00a0Su esp\u00edritu original quiere apoyar al constructor, para que pueda &hellip; About Leer m\u00e1s &raquo;","og_url":"https:\/\/materialsfarreny.com\/?page_id=43","og_site_name":"Materials Farreny","article_modified_time":"2021-03-31T15:47:39+00:00","og_image":[{"url":"https:\/\/materialsfarreny.com\/wp-content\/uploads\/2021\/03\/Disen\u0303o-sin-ti\u0301tulo-42.png"}],"twitter_card":"summary_large_image","twitter_misc":{"Tiempo de lectura":"1 minuto"},"schema":{"@context":"https:\/\/schema.org","@graph":[{"@type":"WebPage","@id":"https:\/\/materialsfarreny.com\/?page_id=43","url":"https:\/\/materialsfarreny.com\/?page_id=43","name":"About - Materials Farreny","isPartOf":{"@id":"https:\/\/materialsfarreny.com\/#website"},"datePublished":"2017-08-01T06:10:03+00:00","dateModified":"2021-03-31T15:47:39+00:00","breadcrumb":{"@id":"https:\/\/materialsfarreny.com\/?page_id=43#breadcrumb"},"inLanguage":"es","potentialAction":[{"@type":"ReadAction","target":["https:\/\/materialsfarreny.com\/?page_id=43"]}]},{"@type":"BreadcrumbList","@id":"https:\/\/materialsfarreny.com\/?page_id=43#breadcrumb","itemListElement":[{"@type":"ListItem","position":1,"name":"Portada","item":"https:\/\/materialsfarreny.com\/"},{"@type":"ListItem","position":2,"name":"About"}]},{"@type":"WebSite","@id":"https:\/\/materialsfarreny.com\/#website","url":"https:\/\/materialsfarreny.com\/","name":"Materials Farreny","description":"Almac\u00e9n de Materiales de Construcci\u00f3n","publisher":{"@id":"https:\/\/materialsfarreny.com\/#organization"},"potentialAction":[{"@type":"SearchAction","target":{"@type":"EntryPoint","urlTemplate":"https:\/\/materialsfarreny.com\/?s={search_term_string}"},"query-input":"required name=search_term_string"}],"inLanguage":"es"},{"@type":"Organization","@id":"https:\/\/materialsfarreny.com\/#organization","name":"Materials Farreny","url":"https:\/\/materialsfarreny.com\/","logo":{"@type":"ImageObject","inLanguage":"es","@id":"https:\/\/materialsfarreny.com\/#\/schema\/logo\/image\/","url":"https:\/\/materialsfarreny.com\/wp-content\/uploads\/2021\/03\/cropped-logo-materials-farreny.png","contentUrl":"https:\/\/materialsfarreny.com\/wp-content\/uploads\/2021\/03\/cropped-logo-materials-farreny.png","width":585,"height":212,"caption":"Materials Farreny"},"image":{"@id":"https:\/\/materialsfarreny.com\/#\/schema\/logo\/image\/"}}]}},"_links":{"self":[{"href":"https:\/\/materialsfarreny.com\/index.php?rest_route=\/wp\/v2\/pages\/43","targetHints":{"allow":["GET"]}}],"collection":[{"href":"https:\/\/materialsfarreny.com\/index.php?rest_route=\/wp\/v2\/pages"}],"about":[{"href":"https:\/\/materialsfarreny.com\/index.php?rest_route=\/wp\/v2\/types\/page"}],"author":[{"embeddable":true,"href":"https:\/\/materialsfarreny.com\/index.php?rest_route=\/wp\/v2\/users\/1"}],"replies":[{"embeddable":true,"href":"https:\/\/materialsfarreny.com\/index.php?rest_route=%2Fwp%2Fv2%2Fcomments&post=43"}],"version-history":[{"count":27,"href":"https:\/\/materialsfarreny.com\/index.php?rest_route=\/wp\/v2\/pages\/43\/revisions"}],"predecessor-version":[{"id":1674,"href":"https:\/\/materialsfarreny.com\/index.php?rest_route=\/wp\/v2\/pages\/43\/revisions\/1674"}],"wp:attachment":[{"href":"https:\/\/materialsfarreny.com\/index.php?rest_route=%2Fwp%2Fv2%2Fmedia&parent=43"}],"curies":[{"name":"wp","href":"https:\/\/api.w.org\/{rel}","templated":true}]}}