{"id":44,"date":"2017-08-01T06:10:04","date_gmt":"2017-08-01T06:10:04","guid":{"rendered":"https:\/\/materialsfarreny.com\/services\/"},"modified":"2021-03-31T15:35:27","modified_gmt":"2021-03-31T15:35:27","slug":"services","status":"publish","type":"page","link":"https:\/\/materialsfarreny.com\/?page_id=44","title":{"rendered":"Services"},"content":{"rendered":"\t\t<div data-elementor-type=\"wp-post\" data-elementor-id=\"44\" class=\"elementor elementor-44\">\n\t\t\t\t\t\t\t\t\t<section class=\"elementor-section elementor-top-section elementor-element elementor-element-4637089 elementor-section-boxed elementor-section-height-default elementor-section-height-default\" data-id=\"4637089\" data-element_type=\"section\" data-settings=\"{&quot;background_background&quot;:&quot;classic&quot;,&quot;shape_divider_bottom&quot;:&quot;waves&quot;}\">\n\t\t\t\t\t\t\t<div class=\"elementor-background-overlay\"><\/div>\n\t\t\t\t\t\t<div class=\"elementor-shape elementor-shape-bottom\" data-negative=\"false\">\n\t\t\t<svg xmlns=\"http:\/\/www.w3.org\/2000\/svg\" viewBox=\"0 0 1000 100\" preserveAspectRatio=\"none\">\n\t<path class=\"elementor-shape-fill\" d=\"M421.9,6.5c22.6-2.5,51.5,0.4,75.5,5.3c23.6,4.9,70.9,23.5,100.5,35.7c75.8,32.2,133.7,44.5,192.6,49.7\n\tc23.6,2.1,48.7,3.5,103.4-2.5c54.7-6,106.2-25.6,106.2-25.6V0H0v30.3c0,0,72,32.6,158.4,30.5c39.2-0.7,92.8-6.7,134-22.4\n\tc21.2-8.1,52.2-18.2,79.7-24.2C399.3,7.9,411.6,7.5,421.9,6.5z\"\/>\n<\/svg>\t\t<\/div>\n\t\t\t\t\t<div class=\"elementor-container elementor-column-gap-default\">\n\t\t\t\t\t<div class=\"elementor-column elementor-col-100 elementor-top-column elementor-element elementor-element-5a71af4b\" data-id=\"5a71af4b\" data-element_type=\"column\">\n\t\t\t<div class=\"elementor-widget-wrap elementor-element-populated\">\n\t\t\t\t\t\t\t\t<div class=\"elementor-element elementor-element-75c71d35 elementor-widget elementor-widget-heading\" data-id=\"75c71d35\" data-element_type=\"widget\" data-widget_type=\"heading.default\">\n\t\t\t\t<div class=\"elementor-widget-container\">\n\t\t\t<h1 class=\"elementor-heading-title elementor-size-default\">Productos y Servicios<\/h1>\t\t<\/div>\n\t\t\t\t<\/div>\n\t\t\t\t\t<\/div>\n\t\t<\/div>\n\t\t\t\t\t\t\t<\/div>\n\t\t<\/section>\n\t\t\t\t<section class=\"elementor-section elementor-top-section elementor-element elementor-element-4ba9c406 elementor-section-boxed elementor-section-height-default elementor-section-height-default\" data-id=\"4ba9c406\" data-element_type=\"section\" data-settings=\"{&quot;background_background&quot;:&quot;gradient&quot;}\">\n\t\t\t\t\t\t<div class=\"elementor-container elementor-column-gap-default\">\n\t\t\t\t\t<div class=\"elementor-column elementor-col-100 elementor-top-column elementor-element elementor-element-d62bcd6\" data-id=\"d62bcd6\" data-element_type=\"column\">\n\t\t\t<div class=\"elementor-widget-wrap elementor-element-populated\">\n\t\t\t\t\t\t\t\t<div class=\"elementor-element elementor-element-73399bc8 elementor-position-top elementor-vertical-align-top elementor-widget elementor-widget-image-box\" data-id=\"73399bc8\" data-element_type=\"widget\" data-widget_type=\"image-box.default\">\n\t\t\t\t<div class=\"elementor-widget-container\">\n\t\t\t<div class=\"elementor-image-box-wrapper\"><div class=\"elementor-image-box-content\"><h2 class=\"elementor-image-box-title\">Escoge el servicio que m\u00e1s se adapte a tus necesidades<\/h2><\/div><\/div>\t\t<\/div>\n\t\t\t\t<\/div>\n\t\t\t\t<section class=\"elementor-section elementor-inner-section elementor-element elementor-element-2e3c3544 elementor-section-full_width elementor-section-height-default elementor-section-height-default\" data-id=\"2e3c3544\" data-element_type=\"section\">\n\t\t\t\t\t\t<div class=\"elementor-container elementor-column-gap-default\">\n\t\t\t\t\t<div class=\"elementor-column elementor-col-33 elementor-inner-column elementor-element elementor-element-6fb13368\" data-id=\"6fb13368\" data-element_type=\"column\" data-settings=\"{&quot;background_background&quot;:&quot;classic&quot;}\">\n\t\t\t<div class=\"elementor-widget-wrap elementor-element-populated\">\n\t\t\t\t\t\t\t\t<div class=\"elementor-element elementor-element-3c0994ec elementor-position-top elementor-vertical-align-top elementor-widget elementor-widget-image-box\" data-id=\"3c0994ec\" data-element_type=\"widget\" data-widget_type=\"image-box.default\">\n\t\t\t\t<div class=\"elementor-widget-container\">\n\t\t\t<div class=\"elementor-image-box-wrapper\"><figure class=\"elementor-image-box-img\"><a href=\"https:\/\/materialsfarreny.com\/?page_id=1465\"><img loading=\"lazy\" decoding=\"async\" width=\"500\" height=\"500\" src=\"https:\/\/materialsfarreny.com\/wp-content\/uploads\/2021\/03\/2.png\" class=\"elementor-animation-shrink attachment-full size-full\" alt=\"\" \/><\/a><\/figure><div class=\"elementor-image-box-content\"><h4 class=\"elementor-image-box-title\"><a href=\"https:\/\/materialsfarreny.com\/?page_id=1465\">Materiales de Construcci\u00f3n<\/a><\/h4><\/div><\/div>\t\t<\/div>\n\t\t\t\t<\/div>\n\t\t\t\t\t<\/div>\n\t\t<\/div>\n\t\t\t\t<div class=\"elementor-column elementor-col-33 elementor-inner-column elementor-element elementor-element-2a2bd6bc\" data-id=\"2a2bd6bc\" data-element_type=\"column\" data-settings=\"{&quot;background_background&quot;:&quot;classic&quot;}\">\n\t\t\t<div class=\"elementor-widget-wrap elementor-element-populated\">\n\t\t\t\t\t\t\t\t<div class=\"elementor-element elementor-element-54948369 elementor-position-top elementor-vertical-align-top elementor-widget elementor-widget-image-box\" data-id=\"54948369\" data-element_type=\"widget\" data-widget_type=\"image-box.default\">\n\t\t\t\t<div class=\"elementor-widget-container\">\n\t\t\t<div class=\"elementor-image-box-wrapper\"><figure class=\"elementor-image-box-img\"><a href=\"https:\/\/materialsfarreny.com\/?page_id=1506\"><img loading=\"lazy\" decoding=\"async\" width=\"500\" height=\"500\" src=\"https:\/\/materialsfarreny.com\/wp-content\/uploads\/2021\/03\/3.png\" class=\"elementor-animation-shrink attachment-full size-full\" alt=\"\" \/><\/a><\/figure><div class=\"elementor-image-box-content\"><h4 class=\"elementor-image-box-title\"><a href=\"https:\/\/materialsfarreny.com\/?page_id=1506\">Ferreter\u00eda<\/a><\/h4><\/div><\/div>\t\t<\/div>\n\t\t\t\t<\/div>\n\t\t\t\t\t<\/div>\n\t\t<\/div>\n\t\t\t\t<div class=\"elementor-column elementor-col-33 elementor-inner-column elementor-element elementor-element-671c17c3\" data-id=\"671c17c3\" data-element_type=\"column\" data-settings=\"{&quot;background_background&quot;:&quot;classic&quot;}\">\n\t\t\t<div class=\"elementor-widget-wrap elementor-element-populated\">\n\t\t\t\t\t\t\t\t<div class=\"elementor-element elementor-element-4d858e99 elementor-position-top elementor-vertical-align-top elementor-widget elementor-widget-image-box\" data-id=\"4d858e99\" data-element_type=\"widget\" data-widget_type=\"image-box.default\">\n\t\t\t\t<div class=\"elementor-widget-container\">\n\t\t\t<div class=\"elementor-image-box-wrapper\"><figure class=\"elementor-image-box-img\"><a href=\"https:\/\/materialsfarreny.com\/?page_id=1551\"><img loading=\"lazy\" decoding=\"async\" width=\"500\" height=\"500\" src=\"https:\/\/materialsfarreny.com\/wp-content\/uploads\/2021\/03\/4.png\" class=\"elementor-animation-shrink attachment-full size-full\" alt=\"\" \/><\/a><\/figure><div class=\"elementor-image-box-content\"><h4 class=\"elementor-image-box-title\"><a href=\"https:\/\/materialsfarreny.com\/?page_id=1551\">Jardiner\u00eda<\/a><\/h4><\/div><\/div>\t\t<\/div>\n\t\t\t\t<\/div>\n\t\t\t\t\t<\/div>\n\t\t<\/div>\n\t\t\t\t\t\t\t<\/div>\n\t\t<\/section>\n\t\t\t\t<section class=\"elementor-section elementor-inner-section elementor-element elementor-element-3e10b2e8 elementor-section-full_width elementor-section-height-default elementor-section-height-default\" data-id=\"3e10b2e8\" data-element_type=\"section\">\n\t\t\t\t\t\t<div class=\"elementor-container elementor-column-gap-default\">\n\t\t\t\t\t<div class=\"elementor-column elementor-col-33 elementor-inner-column elementor-element elementor-element-128c5135\" data-id=\"128c5135\" data-element_type=\"column\" data-settings=\"{&quot;background_background&quot;:&quot;classic&quot;}\">\n\t\t\t<div class=\"elementor-widget-wrap elementor-element-populated\">\n\t\t\t\t\t\t\t\t<div class=\"elementor-element elementor-element-442b63dd elementor-position-top elementor-vertical-align-top elementor-widget elementor-widget-image-box\" data-id=\"442b63dd\" data-element_type=\"widget\" data-widget_type=\"image-box.default\">\n\t\t\t\t<div class=\"elementor-widget-container\">\n\t\t\t<div class=\"elementor-image-box-wrapper\"><figure class=\"elementor-image-box-img\"><a href=\"https:\/\/materialsfarreny.com\/?page_id=1569\"><img loading=\"lazy\" decoding=\"async\" width=\"500\" height=\"500\" src=\"https:\/\/materialsfarreny.com\/wp-content\/uploads\/2021\/03\/5.png\" class=\"elementor-animation-shrink attachment-full size-full\" alt=\"\" \/><\/a><\/figure><div class=\"elementor-image-box-content\"><h4 class=\"elementor-image-box-title\"><a href=\"https:\/\/materialsfarreny.com\/?page_id=1569\">Ba\u00f1os y Accesorios<\/a><\/h4><\/div><\/div>\t\t<\/div>\n\t\t\t\t<\/div>\n\t\t\t\t\t<\/div>\n\t\t<\/div>\n\t\t\t\t<div class=\"elementor-column elementor-col-33 elementor-inner-column elementor-element elementor-element-77373a3b\" data-id=\"77373a3b\" data-element_type=\"column\" data-settings=\"{&quot;background_background&quot;:&quot;classic&quot;}\">\n\t\t\t<div class=\"elementor-widget-wrap elementor-element-populated\">\n\t\t\t\t\t\t\t\t<div class=\"elementor-element elementor-element-372d9022 elementor-position-top elementor-vertical-align-top elementor-widget elementor-widget-image-box\" data-id=\"372d9022\" data-element_type=\"widget\" data-widget_type=\"image-box.default\">\n\t\t\t\t<div class=\"elementor-widget-container\">\n\t\t\t<div class=\"elementor-image-box-wrapper\"><figure class=\"elementor-image-box-img\"><a href=\"https:\/\/materialsfarreny.com\/?page_id=1588\"><img loading=\"lazy\" decoding=\"async\" width=\"500\" height=\"500\" src=\"https:\/\/materialsfarreny.com\/wp-content\/uploads\/2021\/03\/6.png\" class=\"elementor-animation-shrink attachment-full size-full\" alt=\"\" \/><\/a><\/figure><div class=\"elementor-image-box-content\"><h4 class=\"elementor-image-box-title\"><a href=\"https:\/\/materialsfarreny.com\/?page_id=1588\">Pavimentos y Revestimentos<\/a><\/h4><\/div><\/div>\t\t<\/div>\n\t\t\t\t<\/div>\n\t\t\t\t\t<\/div>\n\t\t<\/div>\n\t\t\t\t<div class=\"elementor-column elementor-col-33 elementor-inner-column elementor-element elementor-element-79388ef1\" data-id=\"79388ef1\" data-element_type=\"column\" data-settings=\"{&quot;background_background&quot;:&quot;classic&quot;}\">\n\t\t\t<div class=\"elementor-widget-wrap elementor-element-populated\">\n\t\t\t\t\t\t\t\t<div class=\"elementor-element elementor-element-2e698165 elementor-position-top elementor-vertical-align-top elementor-widget elementor-widget-image-box\" data-id=\"2e698165\" data-element_type=\"widget\" data-widget_type=\"image-box.default\">\n\t\t\t\t<div class=\"elementor-widget-container\">\n\t\t\t<div class=\"elementor-image-box-wrapper\"><figure class=\"elementor-image-box-img\"><a href=\"https:\/\/materialsfarreny.com\/?page_id=1609\"><img loading=\"lazy\" decoding=\"async\" width=\"500\" height=\"500\" src=\"https:\/\/materialsfarreny.com\/wp-content\/uploads\/2021\/03\/7.png\" class=\"elementor-animation-shrink attachment-full size-full\" alt=\"\" \/><\/a><\/figure><div class=\"elementor-image-box-content\"><h4 class=\"elementor-image-box-title\"><a href=\"https:\/\/materialsfarreny.com\/?page_id=1609\">Transporte<\/a><\/h4><\/div><\/div>\t\t<\/div>\n\t\t\t\t<\/div>\n\t\t\t\t\t<\/div>\n\t\t<\/div>\n\t\t\t\t\t\t\t<\/div>\n\t\t<\/section>\n\t\t\t\t\t<\/div>\n\t\t<\/div>\n\t\t\t\t\t\t\t<\/div>\n\t\t<\/section>\n\t\t\t\t<section class=\"elementor-section elementor-top-section elementor-element elementor-element-583d65aa elementor-section-boxed elementor-section-height-default elementor-section-height-default\" data-id=\"583d65aa\" data-element_type=\"section\" data-settings=\"{&quot;background_background&quot;:&quot;classic&quot;}\">\n\t\t\t\t\t\t\t<div class=\"elementor-background-overlay\"><\/div>\n\t\t\t\t\t\t\t<div class=\"elementor-container elementor-column-gap-no\">\n\t\t\t\t\t<div class=\"elementor-column elementor-col-33 elementor-top-column elementor-element elementor-element-52d567bf\" data-id=\"52d567bf\" data-element_type=\"column\">\n\t\t\t<div class=\"elementor-widget-wrap elementor-element-populated\">\n\t\t\t\t\t\t\t\t<div class=\"elementor-element elementor-element-34e31b1f elementor-widget elementor-widget-image\" data-id=\"34e31b1f\" data-element_type=\"widget\" data-widget_type=\"image.default\">\n\t\t\t\t<div class=\"elementor-widget-container\">\n\t\t\t\t\t\t\t\t\t\t\t\t\t\t\t<img loading=\"lazy\" decoding=\"async\" width=\"280\" height=\"280\" src=\"https:\/\/materialsfarreny.com\/wp-content\/uploads\/2020\/05\/sale-badge.png\" class=\"attachment-full size-full\" alt=\"\" srcset=\"https:\/\/materialsfarreny.com\/wp-content\/uploads\/2020\/05\/sale-badge.png 280w, https:\/\/materialsfarreny.com\/wp-content\/uploads\/2020\/05\/sale-badge-150x150.png 150w\" sizes=\"auto, (max-width: 280px) 100vw, 280px\" \/>\t\t\t\t\t\t\t\t\t\t\t\t\t\t\t<\/div>\n\t\t\t\t<\/div>\n\t\t\t\t\t<\/div>\n\t\t<\/div>\n\t\t\t\t<div class=\"elementor-column elementor-col-33 elementor-top-column elementor-element elementor-element-4f528d7c\" data-id=\"4f528d7c\" data-element_type=\"column\">\n\t\t\t<div class=\"elementor-widget-wrap elementor-element-populated\">\n\t\t\t\t\t\t\t\t<div class=\"elementor-element elementor-element-839f68d elementor-position-left elementor-vertical-align-middle elementor-widget elementor-widget-image-box\" data-id=\"839f68d\" data-element_type=\"widget\" data-widget_type=\"image-box.default\">\n\t\t\t\t<div class=\"elementor-widget-container\">\n\t\t\t<div class=\"elementor-image-box-wrapper\"><div class=\"elementor-image-box-content\"><h2 class=\"elementor-image-box-title\">\u00bfSab\u00edas qu\u00e9?<\/h2><p class=\"elementor-image-box-description\">Tenemos ofertas increibles en nuestro apartado de Oulet<\/p><\/div><\/div>\t\t<\/div>\n\t\t\t\t<\/div>\n\t\t\t\t\t<\/div>\n\t\t<\/div>\n\t\t\t\t<div class=\"elementor-column elementor-col-33 elementor-top-column elementor-element elementor-element-6e770a91\" data-id=\"6e770a91\" data-element_type=\"column\">\n\t\t\t<div class=\"elementor-widget-wrap\">\n\t\t\t\t\t\t\t\t\t<\/div>\n\t\t<\/div>\n\t\t\t\t\t\t\t<\/div>\n\t\t<\/section>\n\t\t\t\t\t\t\t<\/div>\n\t\t","protected":false},"excerpt":{"rendered":"<p>Productos y Servicios Escoge el servicio que m\u00e1s se adapte a tus necesidades Materiales de Construcci\u00f3n Ferreter\u00eda Jardiner\u00eda Ba\u00f1os y Accesorios Pavimentos y Revestimentos Transporte \u00bfSab\u00edas qu\u00e9? Tenemos ofertas increibles en nuestro apartado de Oulet<\/p>\n","protected":false},"author":1,"featured_media":0,"parent":0,"menu_order":0,"comment_status":"closed","ping_status":"closed","template":"","meta":{"_mi_skip_tracking":false,"site-sidebar-layout":"no-sidebar","site-content-layout":"page-builder","ast-global-header-display":"","ast-main-header-display":"","ast-hfb-above-header-display":"","ast-hfb-below-header-display":"","ast-hfb-mobile-header-display":"","site-post-title":"disabled","ast-breadcrumbs-content":"","ast-featured-img":"disabled","footer-sml-layout":"","theme-transparent-header-meta":"enabled","adv-header-id-meta":"","stick-header-meta":"","header-above-stick-meta":"","header-main-stick-meta":"","header-below-stick-meta":"","footnotes":""},"class_list":["post-44","page","type-page","status-publish","hentry"],"yoast_head":"<!-- This site is optimized with the Yoast SEO plugin v19.11 - https:\/\/yoast.com\/wordpress\/plugins\/seo\/ -->\n<title>Services - Materials Farreny<\/title>\n<meta name=\"robots\" content=\"index, follow, max-snippet:-1, max-image-preview:large, max-video-preview:-1\" \/>\n<link rel=\"canonical\" href=\"https:\/\/materialsfarreny.com\/?page_id=44\" \/>\n<meta property=\"og:locale\" content=\"es_ES\" \/>\n<meta property=\"og:type\" content=\"article\" \/>\n<meta property=\"og:title\" content=\"Services - Materials Farreny\" \/>\n<meta property=\"og:description\" content=\"Productos y Servicios Escoge el servicio que m\u00e1s se adapte a tus necesidades Materiales de Construcci\u00f3n Ferreter\u00eda Jardiner\u00eda Ba\u00f1os y Accesorios Pavimentos y Revestimentos Transporte \u00bfSab\u00edas qu\u00e9? Tenemos ofertas increibles en nuestro apartado de Oulet\" \/>\n<meta property=\"og:url\" content=\"https:\/\/materialsfarreny.com\/?page_id=44\" \/>\n<meta property=\"og:site_name\" content=\"Materials Farreny\" \/>\n<meta property=\"article:modified_time\" content=\"2021-03-31T15:35:27+00:00\" \/>\n<meta property=\"og:image\" content=\"https:\/\/materialsfarreny.com\/wp-content\/uploads\/2021\/03\/2.png\" \/>\n<meta name=\"twitter:card\" content=\"summary_large_image\" \/>\n<meta name=\"twitter:label1\" content=\"Tiempo de lectura\" \/>\n\t<meta name=\"twitter:data1\" content=\"4 minutos\" \/>\n<script type=\"application\/ld+json\" class=\"yoast-schema-graph\">{\"@context\":\"https:\/\/schema.org\",\"@graph\":[{\"@type\":\"WebPage\",\"@id\":\"https:\/\/materialsfarreny.com\/?page_id=44\",\"url\":\"https:\/\/materialsfarreny.com\/?page_id=44\",\"name\":\"Services - Materials Farreny\",\"isPartOf\":{\"@id\":\"https:\/\/materialsfarreny.com\/#website\"},\"datePublished\":\"2017-08-01T06:10:04+00:00\",\"dateModified\":\"2021-03-31T15:35:27+00:00\",\"breadcrumb\":{\"@id\":\"https:\/\/materialsfarreny.com\/?page_id=44#breadcrumb\"},\"inLanguage\":\"es\",\"potentialAction\":[{\"@type\":\"ReadAction\",\"target\":[\"https:\/\/materialsfarreny.com\/?page_id=44\"]}]},{\"@type\":\"BreadcrumbList\",\"@id\":\"https:\/\/materialsfarreny.com\/?page_id=44#breadcrumb\",\"itemListElement\":[{\"@type\":\"ListItem\",\"position\":1,\"name\":\"Portada\",\"item\":\"https:\/\/materialsfarreny.com\/\"},{\"@type\":\"ListItem\",\"position\":2,\"name\":\"Services\"}]},{\"@type\":\"WebSite\",\"@id\":\"https:\/\/materialsfarreny.com\/#website\",\"url\":\"https:\/\/materialsfarreny.com\/\",\"name\":\"Materials Farreny\",\"description\":\"Almac\u00e9n de Materiales de Construcci\u00f3n\",\"publisher\":{\"@id\":\"https:\/\/materialsfarreny.com\/#organization\"},\"potentialAction\":[{\"@type\":\"SearchAction\",\"target\":{\"@type\":\"EntryPoint\",\"urlTemplate\":\"https:\/\/materialsfarreny.com\/?s={search_term_string}\"},\"query-input\":\"required name=search_term_string\"}],\"inLanguage\":\"es\"},{\"@type\":\"Organization\",\"@id\":\"https:\/\/materialsfarreny.com\/#organization\",\"name\":\"Materials Farreny\",\"url\":\"https:\/\/materialsfarreny.com\/\",\"logo\":{\"@type\":\"ImageObject\",\"inLanguage\":\"es\",\"@id\":\"https:\/\/materialsfarreny.com\/#\/schema\/logo\/image\/\",\"url\":\"https:\/\/materialsfarreny.com\/wp-content\/uploads\/2021\/03\/cropped-logo-materials-farreny.png\",\"contentUrl\":\"https:\/\/materialsfarreny.com\/wp-content\/uploads\/2021\/03\/cropped-logo-materials-farreny.png\",\"width\":585,\"height\":212,\"caption\":\"Materials Farreny\"},\"image\":{\"@id\":\"https:\/\/materialsfarreny.com\/#\/schema\/logo\/image\/\"}}]}<\/script>\n<!-- \/ Yoast SEO plugin. -->","yoast_head_json":{"title":"Services - Materials Farreny","robots":{"index":"index","follow":"follow","max-snippet":"max-snippet:-1","max-image-preview":"max-image-preview:large","max-video-preview":"max-video-preview:-1"},"canonical":"https:\/\/materialsfarreny.com\/?page_id=44","og_locale":"es_ES","og_type":"article","og_title":"Services - Materials Farreny","og_description":"Productos y Servicios Escoge el servicio que m\u00e1s se adapte a tus necesidades Materiales de Construcci\u00f3n Ferreter\u00eda Jardiner\u00eda Ba\u00f1os y Accesorios Pavimentos y Revestimentos Transporte \u00bfSab\u00edas qu\u00e9? Tenemos ofertas increibles en nuestro apartado de Oulet","og_url":"https:\/\/materialsfarreny.com\/?page_id=44","og_site_name":"Materials Farreny","article_modified_time":"2021-03-31T15:35:27+00:00","og_image":[{"url":"https:\/\/materialsfarreny.com\/wp-content\/uploads\/2021\/03\/2.png"}],"twitter_card":"summary_large_image","twitter_misc":{"Tiempo de lectura":"4 minutos"},"schema":{"@context":"https:\/\/schema.org","@graph":[{"@type":"WebPage","@id":"https:\/\/materialsfarreny.com\/?page_id=44","url":"https:\/\/materialsfarreny.com\/?page_id=44","name":"Services - Materials Farreny","isPartOf":{"@id":"https:\/\/materialsfarreny.com\/#website"},"datePublished":"2017-08-01T06:10:04+00:00","dateModified":"2021-03-31T15:35:27+00:00","breadcrumb":{"@id":"https:\/\/materialsfarreny.com\/?page_id=44#breadcrumb"},"inLanguage":"es","potentialAction":[{"@type":"ReadAction","target":["https:\/\/materialsfarreny.com\/?page_id=44"]}]},{"@type":"BreadcrumbList","@id":"https:\/\/materialsfarreny.com\/?page_id=44#breadcrumb","itemListElement":[{"@type":"ListItem","position":1,"name":"Portada","item":"https:\/\/materialsfarreny.com\/"},{"@type":"ListItem","position":2,"name":"Services"}]},{"@type":"WebSite","@id":"https:\/\/materialsfarreny.com\/#website","url":"https:\/\/materialsfarreny.com\/","name":"Materials Farreny","description":"Almac\u00e9n de Materiales de Construcci\u00f3n","publisher":{"@id":"https:\/\/materialsfarreny.com\/#organization"},"potentialAction":[{"@type":"SearchAction","target":{"@type":"EntryPoint","urlTemplate":"https:\/\/materialsfarreny.com\/?s={search_term_string}"},"query-input":"required name=search_term_string"}],"inLanguage":"es"},{"@type":"Organization","@id":"https:\/\/materialsfarreny.com\/#organization","name":"Materials Farreny","url":"https:\/\/materialsfarreny.com\/","logo":{"@type":"ImageObject","inLanguage":"es","@id":"https:\/\/materialsfarreny.com\/#\/schema\/logo\/image\/","url":"https:\/\/materialsfarreny.com\/wp-content\/uploads\/2021\/03\/cropped-logo-materials-farreny.png","contentUrl":"https:\/\/materialsfarreny.com\/wp-content\/uploads\/2021\/03\/cropped-logo-materials-farreny.png","width":585,"height":212,"caption":"Materials Farreny"},"image":{"@id":"https:\/\/materialsfarreny.com\/#\/schema\/logo\/image\/"}}]}},"_links":{"self":[{"href":"https:\/\/materialsfarreny.com\/index.php?rest_route=\/wp\/v2\/pages\/44","targetHints":{"allow":["GET"]}}],"collection":[{"href":"https:\/\/materialsfarreny.com\/index.php?rest_route=\/wp\/v2\/pages"}],"about":[{"href":"https:\/\/materialsfarreny.com\/index.php?rest_route=\/wp\/v2\/types\/page"}],"author":[{"embeddable":true,"href":"https:\/\/materialsfarreny.com\/index.php?rest_route=\/wp\/v2\/users\/1"}],"replies":[{"embeddable":true,"href":"https:\/\/materialsfarreny.com\/index.php?rest_route=%2Fwp%2Fv2%2Fcomments&post=44"}],"version-history":[{"count":34,"href":"https:\/\/materialsfarreny.com\/index.php?rest_route=\/wp\/v2\/pages\/44\/revisions"}],"predecessor-version":[{"id":1838,"href":"https:\/\/materialsfarreny.com\/index.php?rest_route=\/wp\/v2\/pages\/44\/revisions\/1838"}],"wp:attachment":[{"href":"https:\/\/materialsfarreny.com\/index.php?rest_route=%2Fwp%2Fv2%2Fmedia&parent=44"}],"curies":[{"name":"wp","href":"https:\/\/api.w.org\/{rel}","templated":true}]}}